{"id":757,"date":"2022-09-20T17:37:19","date_gmt":"2022-09-20T15:37:19","guid":{"rendered":"https:\/\/oracle.persee.fr\/?page_id=757"},"modified":"2022-09-20T17:37:20","modified_gmt":"2022-09-20T15:37:20","slug":"on-sort","status":"publish","type":"page","link":"https:\/\/oracle.persee.fr\/?page_id=757","title":{"rendered":"On sort ?"},"content":{"rendered":"\n<p>Ce formulaire a pour objectif de recenser les diff\u00e9rents \u00e9v\u00e9nements auxquels vous participez. Nous nous chargeons ensuite d&rsquo;en faire une petite actualit\u00e9 pour valoriser les activit\u00e9s des membres d&rsquo;\u00e9quipe \u00e0 l&rsquo;ext\u00e9rieur. <\/p>\n\n\n\n<p>N&rsquo;h\u00e9sitez pas \u00e0 revenir vers nous si jamais vous disposez des enregistrements vid\u00e9o, photos, comptes-rendus et tout autre document qui vous para\u00eet int\u00e9ressant \u00e0 partager !<\/p>\n\n\n<div class='fluentform ff-default fluentform_wrapper_3 ffs_default_wrap'><form data-form_id=\"3\" id=\"fluentform_3\" class=\"frm-fluent-form fluent_form_3 ff-el-form-top ff_form_instance_3_1 ff-form-loading ffs_default\" data-form_instance=\"ff_form_instance_3_1\" method=\"POST\" ><fieldset  style=\"border: none!important;margin: 0!important;padding: 0!important;background-color: transparent!important;box-shadow: none!important;outline: none!important; min-inline-size: 100%;\">\n                    <legend class=\"ff_screen_reader_title\" style=\"display: block; margin: 0!important;padding: 0!important;height: 0!important;text-indent: -999999px;width: 0!important;overflow:hidden;\">Blank Form (#3)<\/legend><input type='hidden' name='__fluent_form_embded_post_id' value='757' \/><input type=\"hidden\" id=\"_fluentform_3_fluentformnonce\" name=\"_fluentform_3_fluentformnonce\" value=\"731d1eafa0\" \/><input type=\"hidden\" name=\"_wp_http_referer\" value=\"\/index.php?rest_route=%2Fwp%2Fv2%2Fpages%2F757\" \/><div data-type=\"name-element\" data-name=\"names\" class=\" ff-field_container ff-name-field-wrapper\" ><div class='ff-t-container'><div class='ff-t-cell '><div class='ff-el-group  ff-el-form-top'><div class=\"ff-el-input--label ff-el-is-required asterisk-right\"><label for='ff_3_names_first_name_' id='label_ff_3_names_first_name_' >Pr\u00e9nom<\/label><\/div><div class='ff-el-input--content'><input type=\"text\" name=\"names[first_name]\" id=\"ff_3_names_first_name_\" class=\"ff-el-form-control\" placeholder=\"Pr\u00e9nom\" aria-invalid=\"false\" aria-required=true><\/div><\/div><\/div><\/div><\/div><div class='ff-el-group'><div class=\"ff-el-input--label ff-el-is-required asterisk-right\"><label for='ff_3_datetime' id='label_ff_3_datetime' aria-label=\"Date de l&#039;\u00e9v\u00e8nement\">Date de l'\u00e9v\u00e8nement<\/label><\/div><div class='ff-el-input--content'><input  aria-label='Date de l'\u00e9v\u00e8nement Use arrow keys to navigate dates. Press enter to select a date.'  aria-haspopup='dialog' data-type-datepicker data-format='d\/m\/Y' type=\"text\" name=\"datetime\" id=\"ff_3_datetime\" class=\"ff-el-form-control ff-el-datepicker\" data-name=\"datetime\"  aria-invalid='false' aria-required=true><\/div><\/div><div class='ff-el-group'><div class=\"ff-el-input--label ff-el-is-required asterisk-right\"><label for='ff_3_input_text_1' id='label_ff_3_input_text_1' aria-label=\"Titre de l&#039;\u00e9v\u00e8nement\">Titre de l'\u00e9v\u00e8nement<\/label><\/div><div class='ff-el-input--content'><input type=\"text\" name=\"input_text_1\" class=\"ff-el-form-control\" placeholder=\"Nom de la journ\u00e9e d&#039;\u00e9tudes, colloque...\" data-name=\"input_text_1\" id=\"ff_3_input_text_1\"  aria-invalid=\"false\" aria-required=true><\/div><\/div><div class='ff-el-group'><div class=\"ff-el-input--label asterisk-right\"><label for='ff_3_input_text' id='label_ff_3_input_text' aria-label=\"D\u00e9tails \/ Lien vers document de pr\u00e9sentation sur PP4\">D\u00e9tails \/ Lien vers document de pr\u00e9sentation sur PP4<\/label><\/div><div class='ff-el-input--content'><input type=\"text\" name=\"input_text\" class=\"ff-el-form-control\" placeholder=\"Objectif de la sortie (pr\u00e9sentation, formation...)\" data-name=\"input_text\" id=\"ff_3_input_text\"  aria-invalid=\"false\" aria-required=false><\/div><\/div><div class='ff-el-group'><div class=\"ff-el-input--label asterisk-right\"><label for='ff_3_url' id='label_ff_3_url' aria-label=\"Site web de la manifestation\">Site web de la manifestation<\/label><\/div><div class='ff-el-input--content'><input type=\"url\" name=\"url\" class=\"ff-el-form-control\" data-name=\"url\" id=\"ff_3_url\"  aria-invalid=\"false\" aria-required=false><\/div><\/div><div class='ff-el-group ff-text-left ff_submit_btn_wrapper'><button type=\"submit\" class=\"ff-btn ff-btn-submit ff-btn-md ff_btn_style\"  aria-label=\"Envoyer\">Envoyer<\/button><\/div><\/fieldset><\/form><div id='fluentform_3_errors' class='ff-errors-in-stack ff_form_instance_3_1 ff-form-loading_errors ff_form_instance_3_1_errors'><\/div><\/div>            <script type=\"text\/javascript\">\n                window.fluent_form_ff_form_instance_3_1 = {\"id\":\"3\",\"settings\":{\"layout\":{\"labelPlacement\":\"top\",\"helpMessagePlacement\":\"with_label\",\"errorMessagePlacement\":\"inline\",\"cssClassName\":\"\",\"asteriskPlacement\":\"asterisk-right\"},\"restrictions\":{\"denyEmptySubmission\":{\"enabled\":false}}},\"form_instance\":\"ff_form_instance_3_1\",\"form_id_selector\":\"fluentform_3\",\"rules\":{\"names[first_name]\":{\"required\":{\"value\":true,\"message\":\"Ce champ est obligatoire\"}},\"names[middle_name]\":{\"required\":{\"value\":false,\"message\":\"Ce champ est obligatoire\"}},\"names[last_name]\":{\"required\":{\"value\":false,\"message\":\"Ce champ est obligatoire\"}},\"datetime\":{\"required\":{\"value\":true,\"message\":\"Ce champ est obligatoire\"}},\"input_text_1\":{\"required\":{\"value\":true,\"message\":\"Ce champ est obligatoire\"}},\"input_text\":{\"required\":{\"value\":false,\"message\":\"Ce champ est obligatoire\"}},\"url\":{\"required\":{\"value\":false,\"message\":\"Ce champ est obligatoire\"},\"url\":{\"value\":true,\"message\":\"Ce champ doit contenir une URL valide\"}}},\"debounce_time\":300};\n                            <\/script>\n            \n\n\n\n<p><\/p>\n","protected":false},"excerpt":{"rendered":"<p>Ce formulaire a pour objectif de recenser les diff\u00e9rents \u00e9v\u00e9nements auxquels vous participez. Nous nous chargeons ensuite d&rsquo;en faire une<\/p>\n","protected":false},"author":1,"featured_media":0,"parent":0,"menu_order":0,"comment_status":"closed","ping_status":"closed","template":"","meta":{"colormag_page_container_layout":"default_layout","colormag_page_sidebar_layout":"default_layout","footnotes":"","_links_to":"","_links_to_target":""},"class_list":["post-757","page","type-page","status-publish","hentry"],"_links":{"self":[{"href":"https:\/\/oracle.persee.fr\/index.php?rest_route=\/wp\/v2\/pages\/757","targetHints":{"allow":["GET"]}}],"collection":[{"href":"https:\/\/oracle.persee.fr\/index.php?rest_route=\/wp\/v2\/pages"}],"about":[{"href":"https:\/\/oracle.persee.fr\/index.php?rest_route=\/wp\/v2\/types\/page"}],"author":[{"embeddable":true,"href":"https:\/\/oracle.persee.fr\/index.php?rest_route=\/wp\/v2\/users\/1"}],"replies":[{"embeddable":true,"href":"https:\/\/oracle.persee.fr\/index.php?rest_route=%2Fwp%2Fv2%2Fcomments&post=757"}],"version-history":[{"count":2,"href":"https:\/\/oracle.persee.fr\/index.php?rest_route=\/wp\/v2\/pages\/757\/revisions"}],"predecessor-version":[{"id":776,"href":"https:\/\/oracle.persee.fr\/index.php?rest_route=\/wp\/v2\/pages\/757\/revisions\/776"}],"wp:attachment":[{"href":"https:\/\/oracle.persee.fr\/index.php?rest_route=%2Fwp%2Fv2%2Fmedia&parent=757"}],"curies":[{"name":"wp","href":"https:\/\/api.w.org\/{rel}","templated":true}]}}